{"id":21,"date":"2021-07-13T10:41:05","date_gmt":"2021-07-13T10:41:05","guid":{"rendered":"https:\/\/www.mahurumaori.com\/?page_id=21"},"modified":"2025-04-16T02:29:10","modified_gmt":"2025-04-16T02:29:10","slug":"news","status":"publish","type":"page","link":"https:\/\/www.mahurumaori.com\/mao\/news\/","title":{"rendered":"P\u0101nui"},"content":{"rendered":"<div data-elementor-type=\"wp-page\" data-elementor-id=\"21\" class=\"elementor elementor-21\" data-elementor-post-type=\"page\">\n\t\t\t\t\t\t<section class=\"elementor-section elementor-top-section elementor-element elementor-element-34a92e2 elementor-section-boxed elementor-section-height-default elementor-section-height-default\" data-id=\"34a92e2\" data-element_type=\"section\" data-e-type=\"section\">\n\t\t\t\t\t\t<div class=\"elementor-container elementor-column-gap-default\">\n\t\t\t\t\t<div class=\"elementor-column elementor-col-100 elementor-top-column elementor-element elementor-element-fe84f2e\" data-id=\"fe84f2e\" data-element_type=\"column\" data-e-type=\"column\">\n\t\t\t<div class=\"elementor-widget-wrap elementor-element-populated\">\n\t\t\t\t\t\t<div class=\"elementor-element elementor-element-95a5706 elementor-grid-3 elementor-grid-tablet-2 elementor-grid-mobile-1 elementor-posts--thumbnail-top elementor-widget elementor-widget-posts\" data-id=\"95a5706\" data-element_type=\"widget\" data-e-type=\"widget\" data-settings=\"{&quot;pagination_type&quot;:&quot;load_more_infinite_scroll&quot;,&quot;classic_columns&quot;:&quot;3&quot;,&quot;classic_columns_tablet&quot;:&quot;2&quot;,&quot;classic_columns_mobile&quot;:&quot;1&quot;,&quot;classic_row_gap&quot;:{&quot;unit&quot;:&quot;px&quot;,&quot;size&quot;:35,&quot;sizes&quot;:[]},&quot;classic_row_gap_tablet&quot;:{&quot;unit&quot;:&quot;px&quot;,&quot;size&quot;:&quot;&quot;,&quot;sizes&quot;:[]},&quot;classic_row_gap_mobile&quot;:{&quot;unit&quot;:&quot;px&quot;,&quot;size&quot;:&quot;&quot;,&quot;sizes&quot;:[]},&quot;load_more_spinner&quot;:{&quot;value&quot;:&quot;fas fa-spinner&quot;,&quot;library&quot;:&quot;fa-solid&quot;}}\" data-widget_type=\"posts.classic\">\n\t\t\t\t<div class=\"elementor-widget-container\">\n\t\t\t\t\t\t\t<div class=\"elementor-posts-container elementor-posts elementor-posts--skin-classic elementor-grid\" role=\"list\">\n\t\t\t\t<article class=\"elementor-post elementor-grid-item post-4324 post type-post status-publish format-standard has-post-thumbnail hentry category-challenge-ideas category-reo-maori\" role=\"listitem\">\n\t\t\t\t<a class=\"elementor-post__thumbnail__link\" href=\"https:\/\/www.mahurumaori.com\/mao\/whiwhiwhi\/\" tabindex=\"-1\" >\n\t\t\t<div class=\"elementor-post__thumbnail\"><img fetchpriority=\"high\" decoding=\"async\" width=\"300\" height=\"200\" src=\"\/wp-content\/uploads\/2025\/08\/Mahuru1-300x200.jpg\" class=\"attachment-medium size-medium wp-image-4333\" alt=\"\" srcset=\"\/wp-content\/uploads\/2025\/08\/Mahuru1-300x200.jpg 300w, \/wp-content\/uploads\/2025\/08\/Mahuru1-18x12.jpg 18w, \/wp-content\/uploads\/2025\/08\/Mahuru1.jpg 750w\" sizes=\"(max-width: 300px) 100vw, 300px\" \/><\/div>\n\t\t<\/a>\n\t\t\t\t<div class=\"elementor-post__text\">\n\t\t\t\t<h3 class=\"elementor-post__title\">\n\t\t\t<a href=\"https:\/\/www.mahurumaori.com\/mao\/whiwhiwhi\/\" >\n\t\t\t\tWh\u012bwhiwhi\t\t\t<\/a>\n\t\t<\/h3>\n\t\t\t\t<div class=\"elementor-post__meta-data\">\n\t\t\t\t\t<span class=\"elementor-post-date\">\n\t\t\tAugust 13, 2025\t\t<\/span>\n\t\t\t\t<\/div>\n\t\t\t\t<div class=\"elementor-post__excerpt\">\n\t\t\t<p>Wh\u012bwhiwhi, or arero wh\u012bwhiwhi, are tongue-twisters in te reo M\u0101ori. How fast can you say them?<\/p>\n\t\t<\/div>\n\t\t\n\t\t<a class=\"elementor-post__read-more\" href=\"https:\/\/www.mahurumaori.com\/mao\/whiwhiwhi\/\" aria-label=\"Read more about Wh\u012bwhiwhi\" tabindex=\"-1\" >\n\t\t\tRead More \u00bb\t\t<\/a>\n\n\t\t\t\t<\/div>\n\t\t\t\t<\/article>\n\t\t\t\t<article class=\"elementor-post elementor-grid-item post-4311 post type-post status-publish format-standard has-post-thumbnail hentry category-challenge-stories category-reo-maori\" role=\"listitem\">\n\t\t\t\t<a class=\"elementor-post__thumbnail__link\" href=\"https:\/\/www.mahurumaori.com\/mao\/maori-musicians-reo-maori-journey-leads-to-wananga-kaiako-role\/\" tabindex=\"-1\" >\n\t\t\t<div class=\"elementor-post__thumbnail\"><img decoding=\"async\" width=\"300\" height=\"200\" src=\"\/wp-content\/uploads\/2025\/08\/jordyn-with-a-why-300x200.jpg\" class=\"attachment-medium size-medium wp-image-4312\" alt=\"\" srcset=\"\/wp-content\/uploads\/2025\/08\/jordyn-with-a-why-300x200.jpg 300w, \/wp-content\/uploads\/2025\/08\/jordyn-with-a-why-18x12.jpg 18w, \/wp-content\/uploads\/2025\/08\/jordyn-with-a-why.jpg 750w\" sizes=\"(max-width: 300px) 100vw, 300px\" \/><\/div>\n\t\t<\/a>\n\t\t\t\t<div class=\"elementor-post__text\">\n\t\t\t\t<h3 class=\"elementor-post__title\">\n\t\t\t<a href=\"https:\/\/www.mahurumaori.com\/mao\/maori-musicians-reo-maori-journey-leads-to-wananga-kaiako-role\/\" >\n\t\t\t\tM\u0101ori musician&#8217;s reo M\u0101ori journey leads to w\u0101nanga kaiako role\t\t\t<\/a>\n\t\t<\/h3>\n\t\t\t\t<div class=\"elementor-post__meta-data\">\n\t\t\t\t\t<span class=\"elementor-post-date\">\n\t\t\tJuly 23, 2025\t\t<\/span>\n\t\t\t\t<\/div>\n\t\t\t\t<div class=\"elementor-post__excerpt\">\n\t\t\t<p>Musician and kaiako, Jordyn Rapana, also known as Jordyn with a Why, began her reo M\u0101ori journey to raise her tamariki in a M\u0101ori-speaking home.<\/p>\n\t\t<\/div>\n\t\t\n\t\t<a class=\"elementor-post__read-more\" href=\"https:\/\/www.mahurumaori.com\/mao\/maori-musicians-reo-maori-journey-leads-to-wananga-kaiako-role\/\" aria-label=\"Read more about M\u0101ori musician&#8217;s reo M\u0101ori journey leads to w\u0101nanga kaiako role\" tabindex=\"-1\" >\n\t\t\tRead More \u00bb\t\t<\/a>\n\n\t\t\t\t<\/div>\n\t\t\t\t<\/article>\n\t\t\t\t<article class=\"elementor-post elementor-grid-item post-4305 post type-post status-publish format-standard has-post-thumbnail hentry category-challenge-stories category-reo-maori\" role=\"listitem\">\n\t\t\t\t<a class=\"elementor-post__thumbnail__link\" href=\"https:\/\/www.mahurumaori.com\/mao\/victorias-journey-embracing-te-reo-maori-in-healthcare\/\" tabindex=\"-1\" >\n\t\t\t<div class=\"elementor-post__thumbnail\"><img decoding=\"async\" width=\"300\" height=\"200\" src=\"\/wp-content\/uploads\/2025\/08\/victoria-richmond-and-family-300x200.jpg\" class=\"attachment-medium size-medium wp-image-4306\" alt=\"\" srcset=\"\/wp-content\/uploads\/2025\/08\/victoria-richmond-and-family-300x200.jpg 300w, \/wp-content\/uploads\/2025\/08\/victoria-richmond-and-family-18x12.jpg 18w, \/wp-content\/uploads\/2025\/08\/victoria-richmond-and-family.jpg 750w\" sizes=\"(max-width: 300px) 100vw, 300px\" \/><\/div>\n\t\t<\/a>\n\t\t\t\t<div class=\"elementor-post__text\">\n\t\t\t\t<h3 class=\"elementor-post__title\">\n\t\t\t<a href=\"https:\/\/www.mahurumaori.com\/mao\/victorias-journey-embracing-te-reo-maori-in-healthcare\/\" >\n\t\t\t\tVictoria&#8217;s Journey: Embracing te reo M\u0101ori in healthcare\t\t\t<\/a>\n\t\t<\/h3>\n\t\t\t\t<div class=\"elementor-post__meta-data\">\n\t\t\t\t\t<span class=\"elementor-post-date\">\n\t\t\tJuly 9, 2025\t\t<\/span>\n\t\t\t\t<\/div>\n\t\t\t\t<div class=\"elementor-post__excerpt\">\n\t\t\t<p>A passion for integrating te reo M\u0101ori into her work as a nurse has enriched Victoria Richmond\u2019s connections with patients and her own personal growth.<\/p>\n\t\t<\/div>\n\t\t\n\t\t<a class=\"elementor-post__read-more\" href=\"https:\/\/www.mahurumaori.com\/mao\/victorias-journey-embracing-te-reo-maori-in-healthcare\/\" aria-label=\"Read more about Victoria&#8217;s Journey: Embracing te reo M\u0101ori in healthcare\" tabindex=\"-1\" >\n\t\t\tRead More \u00bb\t\t<\/a>\n\n\t\t\t\t<\/div>\n\t\t\t\t<\/article>\n\t\t\t\t<article class=\"elementor-post elementor-grid-item post-4299 post type-post status-publish format-standard has-post-thumbnail hentry category-challenge-stories category-reo-maori\" role=\"listitem\">\n\t\t\t\t<a class=\"elementor-post__thumbnail__link\" href=\"https:\/\/www.mahurumaori.com\/mao\/a-full-circle-moment-from-tauira-to-kaiako\/\" tabindex=\"-1\" >\n\t\t\t<div class=\"elementor-post__thumbnail\"><img loading=\"lazy\" decoding=\"async\" width=\"300\" height=\"202\" src=\"\/wp-content\/uploads\/2025\/08\/krystle-nikora-reo-kaiako-300x202.jpg\" class=\"attachment-medium size-medium wp-image-4300\" alt=\"\" srcset=\"\/wp-content\/uploads\/2025\/08\/krystle-nikora-reo-kaiako-300x202.jpg 300w, \/wp-content\/uploads\/2025\/08\/krystle-nikora-reo-kaiako-18x12.jpg 18w, \/wp-content\/uploads\/2025\/08\/krystle-nikora-reo-kaiako.jpg 750w\" sizes=\"(max-width: 300px) 100vw, 300px\" \/><\/div>\n\t\t<\/a>\n\t\t\t\t<div class=\"elementor-post__text\">\n\t\t\t\t<h3 class=\"elementor-post__title\">\n\t\t\t<a href=\"https:\/\/www.mahurumaori.com\/mao\/a-full-circle-moment-from-tauira-to-kaiako\/\" >\n\t\t\t\tA full circle moment from tauira to kaiako\t\t\t<\/a>\n\t\t<\/h3>\n\t\t\t\t<div class=\"elementor-post__meta-data\">\n\t\t\t\t\t<span class=\"elementor-post-date\">\n\t\t\tMay 14, 2025\t\t<\/span>\n\t\t\t\t<\/div>\n\t\t\t\t<div class=\"elementor-post__excerpt\">\n\t\t\t<p>Krystle Nikora&#8217;s passion for the culture and te reo blossomed only when she enrolled at Te W\u0101nanga o Aotearoa.<\/p>\n\t\t<\/div>\n\t\t\n\t\t<a class=\"elementor-post__read-more\" href=\"https:\/\/www.mahurumaori.com\/mao\/a-full-circle-moment-from-tauira-to-kaiako\/\" aria-label=\"Read more about A full circle moment from tauira to kaiako\" tabindex=\"-1\" >\n\t\t\tRead More \u00bb\t\t<\/a>\n\n\t\t\t\t<\/div>\n\t\t\t\t<\/article>\n\t\t\t\t<article class=\"elementor-post elementor-grid-item post-4293 post type-post status-publish format-standard has-post-thumbnail hentry category-challenge-stories category-reo-maori\" role=\"listitem\">\n\t\t\t\t<a class=\"elementor-post__thumbnail__link\" href=\"https:\/\/www.mahurumaori.com\/mao\/nawai-i-tauira-kua-kaiako\/\" tabindex=\"-1\" >\n\t\t\t<div class=\"elementor-post__thumbnail\"><img loading=\"lazy\" decoding=\"async\" width=\"300\" height=\"200\" src=\"\/wp-content\/uploads\/2025\/08\/Rob-Bromley-v05-300x200.jpg\" class=\"attachment-medium size-medium wp-image-4294\" alt=\"\" srcset=\"\/wp-content\/uploads\/2025\/08\/Rob-Bromley-v05-300x200.jpg 300w, \/wp-content\/uploads\/2025\/08\/Rob-Bromley-v05-18x12.jpg 18w, \/wp-content\/uploads\/2025\/08\/Rob-Bromley-v05.jpg 750w\" sizes=\"(max-width: 300px) 100vw, 300px\" \/><\/div>\n\t\t<\/a>\n\t\t\t\t<div class=\"elementor-post__text\">\n\t\t\t\t<h3 class=\"elementor-post__title\">\n\t\t\t<a href=\"https:\/\/www.mahurumaori.com\/mao\/nawai-i-tauira-kua-kaiako\/\" >\n\t\t\t\tN\u0101wai i tauira, kua kaiako\t\t\t<\/a>\n\t\t<\/h3>\n\t\t\t\t<div class=\"elementor-post__meta-data\">\n\t\t\t\t\t<span class=\"elementor-post-date\">\n\t\t\tMarch 20, 2025\t\t<\/span>\n\t\t\t\t<\/div>\n\t\t\t\t<div class=\"elementor-post__excerpt\">\n\t\t\t<p>Ahakoa he rerek\u0113 noa atu te ao i tipu ake ai a Rob Bromley i t\u0101na e m\u014dhio nei i t\u0113nei r\u0101, n\u014d te ohinga ake, ka rongo ia i t\u0113tahi hao ki te reo M\u0101ori.<\/p>\n\t\t<\/div>\n\t\t\n\t\t<a class=\"elementor-post__read-more\" href=\"https:\/\/www.mahurumaori.com\/mao\/nawai-i-tauira-kua-kaiako\/\" aria-label=\"Read more about N\u0101wai i tauira, kua kaiako\" tabindex=\"-1\" >\n\t\t\tRead More \u00bb\t\t<\/a>\n\n\t\t\t\t<\/div>\n\t\t\t\t<\/article>\n\t\t\t\t<article class=\"elementor-post elementor-grid-item post-4288 post type-post status-publish format-standard has-post-thumbnail hentry category-challenge-stories category-reo-maori\" role=\"listitem\">\n\t\t\t\t<a class=\"elementor-post__thumbnail__link\" href=\"https:\/\/www.mahurumaori.com\/mao\/over-3-hours-of-travel-to-study-reo-maori-proves-worthwhile-for-northland-tauira\/\" tabindex=\"-1\" >\n\t\t\t<div class=\"elementor-post__thumbnail\"><img loading=\"lazy\" decoding=\"async\" width=\"300\" height=\"200\" src=\"\/wp-content\/uploads\/2025\/08\/tetaitokerau_kaikohe_jude-thompson-300x200.jpg\" class=\"attachment-medium size-medium wp-image-4289\" alt=\"\" srcset=\"\/wp-content\/uploads\/2025\/08\/tetaitokerau_kaikohe_jude-thompson-300x200.jpg 300w, \/wp-content\/uploads\/2025\/08\/tetaitokerau_kaikohe_jude-thompson-18x12.jpg 18w, \/wp-content\/uploads\/2025\/08\/tetaitokerau_kaikohe_jude-thompson.jpg 750w\" sizes=\"(max-width: 300px) 100vw, 300px\" \/><\/div>\n\t\t<\/a>\n\t\t\t\t<div class=\"elementor-post__text\">\n\t\t\t\t<h3 class=\"elementor-post__title\">\n\t\t\t<a href=\"https:\/\/www.mahurumaori.com\/mao\/over-3-hours-of-travel-to-study-reo-maori-proves-worthwhile-for-northland-tauira\/\" >\n\t\t\t\tOver 3 hours of travel to study reo M\u0101ori proves worthwhile for Northland tauira\t\t\t<\/a>\n\t\t<\/h3>\n\t\t\t\t<div class=\"elementor-post__meta-data\">\n\t\t\t\t\t<span class=\"elementor-post-date\">\n\t\t\tOctober 1, 2024\t\t<\/span>\n\t\t\t\t<\/div>\n\t\t\t\t<div class=\"elementor-post__excerpt\">\n\t\t\t<p>To get to her reo M\u0101ori class, Jude Thompson travels an hour and a half by car and ferry each way, but she\u2019s adamant that it\u2019s all worth it.<\/p>\n\t\t<\/div>\n\t\t\n\t\t<a class=\"elementor-post__read-more\" href=\"https:\/\/www.mahurumaori.com\/mao\/over-3-hours-of-travel-to-study-reo-maori-proves-worthwhile-for-northland-tauira\/\" aria-label=\"Read more about Over 3 hours of travel to study reo M\u0101ori proves worthwhile for Northland tauira\" tabindex=\"-1\" >\n\t\t\tRead More \u00bb\t\t<\/a>\n\n\t\t\t\t<\/div>\n\t\t\t\t<\/article>\n\t\t\t\t<\/div>\n\t\t\t\t\t<span class=\"e-load-more-spinner\">\n\t\t\t\t<i aria-hidden=\"true\" class=\"fas fa-spinner\"><\/i>\t\t\t<\/span>\n\t\t\n\t\t\t\t<div class=\"e-load-more-anchor\" data-page=\"1\" data-max-page=\"18\" data-next-page=\"https:\/\/www.mahurumaori.com\/mao\/wp-json\/wp\/v2\/pages\/21\/page\/2\/\"><\/div>\n\t\t\t\t<div class=\"e-load-more-message\"><\/div>\n\t\t\t\t\t\t<\/div>\n\t\t\t\t<\/div>\n\t\t\t\t\t<\/div>\n\t\t<\/div>\n\t\t\t\t\t<\/div>\n\t\t<\/section>\n\t\t\t\t<\/div>","protected":false},"excerpt":{"rendered":"","protected":false},"author":4,"featured_media":0,"parent":0,"menu_order":0,"comment_status":"closed","ping_status":"closed","template":"","meta":{"footnotes":""},"class_list":["post-21","page","type-page","status-publish","hentry"],"_links":{"self":[{"href":"https:\/\/www.mahurumaori.com\/mao\/wp-json\/wp\/v2\/pages\/21","targetHints":{"allow":["GET"]}}],"collection":[{"href":"https:\/\/www.mahurumaori.com\/mao\/wp-json\/wp\/v2\/pages"}],"about":[{"href":"https:\/\/www.mahurumaori.com\/mao\/wp-json\/wp\/v2\/types\/page"}],"author":[{"embeddable":true,"href":"https:\/\/www.mahurumaori.com\/mao\/wp-json\/wp\/v2\/users\/4"}],"replies":[{"embeddable":true,"href":"https:\/\/www.mahurumaori.com\/mao\/wp-json\/wp\/v2\/comments?post=21"}],"version-history":[{"count":5,"href":"https:\/\/www.mahurumaori.com\/mao\/wp-json\/wp\/v2\/pages\/21\/revisions"}],"predecessor-version":[{"id":4167,"href":"https:\/\/www.mahurumaori.com\/mao\/wp-json\/wp\/v2\/pages\/21\/revisions\/4167"}],"wp:attachment":[{"href":"https:\/\/www.mahurumaori.com\/mao\/wp-json\/wp\/v2\/media?parent=21"}],"curies":[{"name":"wp","href":"https:\/\/api.w.org\/{rel}","templated":true}]}}