{"id":806,"date":"2021-07-22T16:19:01","date_gmt":"2021-07-22T16:19:01","guid":{"rendered":"https:\/\/www.mahurumaori.com\/?page_id=806"},"modified":"2025-09-22T01:51:17","modified_gmt":"2025-09-22T01:51:17","slug":"register-now","status":"publish","type":"page","link":"https:\/\/www.mahurumaori.com\/mao\/register-now\/","title":{"rendered":"Register Now"},"content":{"rendered":"<div data-elementor-type=\"wp-page\" data-elementor-id=\"806\" class=\"elementor elementor-806\" data-elementor-post-type=\"page\">\n\t\t\t\t\t\t<section class=\"elementor-section elementor-top-section elementor-element elementor-element-cad486e elementor-section-boxed elementor-section-height-default elementor-section-height-default\" data-id=\"cad486e\" data-element_type=\"section\" data-e-type=\"section\">\n\t\t\t\t\t\t<div class=\"elementor-container elementor-column-gap-default\">\n\t\t\t\t\t<div class=\"elementor-column elementor-col-100 elementor-top-column elementor-element elementor-element-7b3e9ba\" data-id=\"7b3e9ba\" data-element_type=\"column\" data-e-type=\"column\">\n\t\t\t<div class=\"elementor-widget-wrap elementor-element-populated\">\n\t\t\t\t\t\t<div class=\"elementor-element elementor-element-4212abd elementor-widget elementor-widget-heading\" data-id=\"4212abd\" data-element_type=\"widget\" data-e-type=\"widget\" data-no-translation=\"\" data-widget_type=\"heading.default\">\n\t\t\t\t<div class=\"elementor-widget-container\">\n\t\t\t\t\t<style>.elementor-element-4212abd{display:none !important}<\/style>\t\t\t\t<\/div>\n\t\t\t\t<\/div>\n\t\t\t\t<div class=\"elementor-element elementor-element-d99361d elementor-widget elementor-widget-heading\" data-id=\"d99361d\" data-element_type=\"widget\" data-e-type=\"widget\" data-no-translation=\"\" data-widget_type=\"heading.default\">\n\t\t\t\t<div class=\"elementor-widget-container\">\n\t\t\t\t\t<h2 class=\"elementor-heading-title elementor-size-default\">R\u0113hita Mai<\/h2>\t\t\t\t<\/div>\n\t\t\t\t<\/div>\n\t\t\t\t<div class=\"elementor-element elementor-element-86caff2 elementor-widget elementor-widget-text-editor\" data-id=\"86caff2\" data-element_type=\"widget\" data-e-type=\"widget\" data-no-translation=\"\" data-widget_type=\"text-editor.default\">\n\t\t\t\t<div class=\"elementor-widget-container\">\n\t\t\t\t\t<style>.elementor-element-86caff2{display:none !important}<\/style>\t\t\t\t<\/div>\n\t\t\t\t<\/div>\n\t\t\t\t<div class=\"elementor-element elementor-element-85e1a40 elementor-widget elementor-widget-text-editor\" data-id=\"85e1a40\" data-element_type=\"widget\" data-e-type=\"widget\" data-no-translation=\"\" data-widget_type=\"text-editor.default\">\n\t\t\t\t<div class=\"elementor-widget-container\">\n\t\t\t\t\t\t\t\t\t<p>Ko te wero ki te Mahuru M\u0101ori kia m\u014dhio noa ake kia kaha ai te whakamahia o te reo M\u0101ori, m\u0113n\u0101 r\u0101nei t\u0113nei ka k\u014drerohia, ka tuhia, ka waiatatia, ka p\u0101nuitia, ahu atu, aha atu.<\/p><p>M\u0101u an\u014d e whakarite \u014d wh\u0101inga ki t\u0113nei wero. Ka k\u014drero M\u0101ori pea koe i:<\/p><ul><li>t\u0113tehi h\u0101ora ia r\u0101<\/li><li>ng\u0101 h\u0101ora e rua ia r\u0101<\/li><li>t\u0113tehi haurua o te r\u0101 \u2013 ia r\u0101<\/li><li>te katoa o te r\u0101 \u2013 ia r\u0101<\/li><li>\u0100kuanei pea r\u0101nei ka t\u012bmata rawa koe ki te mihi anahe i te reo M\u0101ori ki te katoa. <br \/>Hei tauira:\u00a0<em>Kia ora! M\u014drena! Ata m\u0101rie! Ka kite an\u014d ahau i a koe!<\/em><\/li><\/ul>\t\t\t\t\t\t\t\t<\/div>\n\t\t\t\t<\/div>\n\t\t\t\t<div class=\"elementor-element elementor-element-b7ea91d elementor-widget elementor-widget-heading\" data-id=\"b7ea91d\" data-element_type=\"widget\" data-e-type=\"widget\" data-widget_type=\"heading.default\">\n\t\t\t\t<div class=\"elementor-widget-container\">\n\t\t\t\t\t<h4 class=\"elementor-heading-title elementor-size-default\">The Mahuru Challenge has ended for 2025, but you can still sign up for our mailing list!<\/h4>\t\t\t\t<\/div>\n\t\t\t\t<\/div>\n\t\t\t\t\t<\/div>\n\t\t<\/div>\n\t\t\t\t\t<\/div>\n\t\t<\/section>\n\t\t\t\t<section class=\"elementor-section elementor-top-section elementor-element elementor-element-debe2f3 elementor-section-boxed elementor-section-height-default elementor-section-height-default\" data-id=\"debe2f3\" data-element_type=\"section\" data-e-type=\"section\">\n\t\t\t\t\t\t<div class=\"elementor-container elementor-column-gap-default\">\n\t\t\t\t\t<div class=\"elementor-column elementor-col-100 elementor-top-column elementor-element elementor-element-686db60\" data-id=\"686db60\" data-element_type=\"column\" data-e-type=\"column\">\n\t\t\t<div class=\"elementor-widget-wrap elementor-element-populated\">\n\t\t\t\t\t\t<div class=\"elementor-element elementor-element-c5c20b1 elementor-widget elementor-widget-heading\" data-id=\"c5c20b1\" data-element_type=\"widget\" data-e-type=\"widget\" data-widget_type=\"heading.default\">\n\t\t\t\t<div class=\"elementor-widget-container\">\n\t\t\t\t\t<h5 class=\"elementor-heading-title elementor-size-default\">You'll receive updates on Mahuru and get notified to register for 2026.<\/h5>\t\t\t\t<\/div>\n\t\t\t\t<\/div>\n\t\t\t\t<div class=\"elementor-element elementor-element-a16e346 elementor-widget elementor-widget-html\" data-id=\"a16e346\" data-element_type=\"widget\" data-e-type=\"widget\" data-widget_type=\"html.default\">\n\t\t\t\t<div class=\"elementor-widget-container\">\n\t\t\t\t\t<div id=\"mc_embed_shell\">\r\n      <link href=\"\/\/cdn-images.mailchimp.com\/embedcode\/classic-061523.css\" rel=\"stylesheet\" type=\"text\/css\">\r\n  <style type=\"text\/css\">\r\n        #mc_embed_signup{background:#fff; false;clear:left; font:14px Helvetica,Arial,sans-serif; width: 800px;}\r\n        \/* Add your own Mailchimp form style overrides in your site stylesheet or in this style block.\r\n           We recommend moving this block and the preceding CSS link to the HEAD of your HTML file. *\/\r\n<\/style>\r\n<div id=\"mc_embed_signup\">\r\n    <form action=\"https:\/\/twoa.us18.list-manage.com\/subscribe\/post?u=7c3ff2ab913de89e107cab5bd&amp;id=82bd658de9&amp;f_id=00a179e1f0\" method=\"post\" id=\"mc-embedded-subscribe-form\" name=\"mc-embedded-subscribe-form\" class=\"validate\" target=\"_self\" novalidate=\"\">\r\n        <div id=\"mc_embed_signup_scroll\">\r\n            <div class=\"indicates-required\"><span class=\"asterisk\">*<\/span> indicates required<\/div>\r\n            <div class=\"mc-field-group\"><label for=\"mce-EMAIL\">\u012amera | Email Address <span class=\"asterisk\">*<\/span><\/label><input type=\"email\" name=\"EMAIL\" class=\"required email\" id=\"mce-EMAIL\" required=\"\" value=\"\"><\/div><div class=\"mc-field-group\"><label for=\"mce-FNAME\">Ingoa | First Name <span class=\"asterisk\">*<\/span><\/label><input type=\"text\" name=\"FNAME\" class=\"required text\" id=\"mce-FNAME\" required=\"\" value=\"\"><\/div><div class=\"mc-field-group\"><label for=\"mce-LNAME\">Ingoa Wh\u0101nau | Last Name <\/label><input type=\"text\" name=\"LNAME\" class=\"text\" id=\"mce-LNAME\" value=\"\"><\/div><div class=\"mc-field-group\"><label for=\"mce-ENGAGEMENT\">Te Taumata | Challenge level <\/label><select name=\"ENGAGEMENT\" class=\"\" id=\"mce-ENGAGEMENT\"><option value=\"\"><\/option><option value=\"Greeting people and farewells in te reo M\u0101ori\">Greeting people and farewells in te reo M\u0101ori<\/option><option value=\"An hour per day, everyday of the month | K\u014dtahi haora ia r\u0101 o te marama.\">An hour per day, everyday of the month | K\u014dtahi haora ia r\u0101 o te marama.<\/option><option value=\"2 hours per day, everyday of the month | E rua ng\u0101 haora ia r\u0101 o te marama.\">2 hours per day, everyday of the month | E rua ng\u0101 haora ia r\u0101 o te marama.<\/option><option value=\"Half a day, every day of the month | Haurua o te r\u0101 ia r\u0101 o te marama\">Half a day, every day of the month | Haurua o te r\u0101 ia r\u0101 o te marama<\/option><option value=\"The whole month of September | Te roanga atu o Mahuru\">The whole month of September | Te roanga atu o Mahuru<\/option><\/select><\/div><div class=\"mc-field-group\"><label for=\"mce-REOLEVEL\">He aha t\u014d taumata reo? | What's your level of reo? <span class=\"asterisk\">*<\/span><\/label><select name=\"REOLEVEL\" class=\"required\" id=\"mce-REOLEVEL\"><option value=\"\"><\/option><option value=\"None: Te Kore\">None: Te Kore<\/option><option value=\"Introductory: know a few words |HE K\u0100KANO - E m\u014dhio ana ki \u0113tehi kupu\">Introductory: know a few words |HE K\u0100KANO - E m\u014dhio ana ki \u0113tehi kupu<\/option><option value=\"Beginner: Can respond well enough to be understood | HE PIHINGA - He reo k\u014drero t\u014dku; e m\u0101rama ana ki \u0113tehi rerenga.\">Beginner: Can respond well enough to be understood | HE PIHINGA - He reo k\u014drero t\u014dku; e m\u0101rama ana ki \u0113tehi rerenga.<\/option><option value=\"Intermediate: Am competent at speaking te reo, and have a good understanding of te reo | HE MAHURI - E pai ana a au ki te k\u014drero i te reo, he tino m\u0101rama hoki ki te reo.\">Intermediate: Am competent at speaking te reo, and have a good understanding of te reo | HE MAHURI - E pai ana a au ki te k\u014drero i te reo, he tino m\u0101rama hoki ki te reo.<\/option><option value=\"Advanced: My reo is correct in all aspects, both spoken and written, my reo flows quite naturally and freely. | HE K\u014cURU - Ko t\u014dku reo he tika, ko t\u014dku reo, e rere ana, ko t\u014dku reo he M\u0101ori.\">Advanced: My reo is correct in all aspects, both spoken and written, my reo flows quite naturally and freely. | HE K\u014cURU - Ko t\u014dku reo he tika, ko t\u014dku reo, e rere ana, ko t\u014dku reo he M\u0101ori.<\/option><\/select><\/div><div class=\"mc-field-group\"><label for=\"mce-GOAL\">He aha t\u014d wh\u0101inga matua? | What's your main goal? <span class=\"asterisk\">*<\/span><\/label><select name=\"GOAL\" class=\"required\" id=\"mce-GOAL\"><option value=\"\"><\/option><option value=\"Learn more kupu | He ako kupu k\u0113 atu\">Learn more kupu | He ako kupu k\u0113 atu<\/option><option value=\"To challenge myself, and get out of my comfort zone | He whakap\u0101taritari i a au an\u014d, kia puta i te h\u0101neanea.\">To challenge myself, and get out of my comfort zone | He whakap\u0101taritari i a au an\u014d, kia puta i te h\u0101neanea.<\/option><option value=\"Become more fluent | He whakakaha ake i te rere o te reo.\">Become more fluent | He whakakaha ake i te rere o te reo.<\/option><option value=\"Support my wh\u0101nau\/community | He tautoko i taku wh\u0101nau, hapori hoki\">Support my wh\u0101nau\/community | He tautoko i taku wh\u0101nau, hapori hoki<\/option><option value=\"Support the initiative | Tautoko i te kaupapa.\">Support the initiative | Tautoko i te kaupapa.<\/option><option value=\"All of the above | Katoa \u0113r\u0101.\">All of the above | Katoa \u0113r\u0101.<\/option><\/select><\/div><div class=\"mc-field-group input-group\"><strong>Kaupapa here matatapu | Opt-out \/ privacy policy <\/strong><ul><li><input type=\"radio\" name=\"COMMS\" id=\"mce-COMMS0\" value=\"E hiahia ana ahau ki ng\u0101 whakap\u0101p\u0101tanga o Mahuru M\u0101ori | Opt into Mahuru M\u0101ori communication\"><label for=\"mce-COMMS0\">E hiahia ana ahau ki ng\u0101 whakap\u0101p\u0101tanga o Mahuru M\u0101ori | Opt into Mahuru M\u0101ori communication<\/label><\/li><li><input type=\"radio\" name=\"COMMS\" id=\"mce-COMMS1\" value=\"K\u0101ore ahau e hiahia ana ki ng\u0101 whakap\u0101p\u0101tanga o Mahuru M\u0101ori | Opt out of Mahuru M\u0101ori communication\"><label for=\"mce-COMMS1\">K\u0101ore ahau e hiahia ana ki ng\u0101 whakap\u0101p\u0101tanga o Mahuru M\u0101ori | Opt out of Mahuru M\u0101ori communication<\/label><\/li><\/ul><\/div>\r\n<div hidden=\"\"><input type=\"hidden\" name=\"tags\" value=\"3055533\"><\/div>\r\n        <div id=\"mce-responses\" class=\"clear\">\r\n            <div class=\"response\" id=\"mce-error-response\" style=\"display: none;\"><\/div>\r\n            <div class=\"response\" id=\"mce-success-response\" style=\"display: none;\"><\/div>\r\n        <\/div><div aria-hidden=\"true\" style=\"position: absolute; left: -5000px;\"><input type=\"text\" name=\"b_7c3ff2ab913de89e107cab5bd_82bd658de9\" tabindex=\"-1\" value=\"\"><\/div><div class=\"clear\"><input type=\"submit\" name=\"subscribe\" id=\"mc-embedded-subscribe\" class=\"button\" value=\"Subscribe\"><\/div>\r\n    <\/div>\r\n<\/form>\r\n<\/div>\r\n<\/div>\r\n\t\t\t\t<\/div>\n\t\t\t\t<\/div>\n\t\t\t\t\t<\/div>\n\t\t<\/div>\n\t\t\t\t\t<\/div>\n\t\t<\/section>\n\t\t\t\t<\/div>","protected":false},"excerpt":{"rendered":"<p>Register Now The challenge for Mahuru M\u0101ori is to make a conscious effort to use more te reo M\u0101ori, whether this is spoken, written, sung, read etc. You set your goals for this challenge. You may decide to speak te reo M\u0101ori for: an hour every day 2 hours every day half a day &#8211; [&hellip;]<\/p>","protected":false},"author":6,"featured_media":2170,"parent":0,"menu_order":0,"comment_status":"closed","ping_status":"closed","template":"","meta":{"footnotes":""},"class_list":["post-806","page","type-page","status-publish","has-post-thumbnail","hentry"],"_links":{"self":[{"href":"https:\/\/www.mahurumaori.com\/mao\/wp-json\/wp\/v2\/pages\/806","targetHints":{"allow":["GET"]}}],"collection":[{"href":"https:\/\/www.mahurumaori.com\/mao\/wp-json\/wp\/v2\/pages"}],"about":[{"href":"https:\/\/www.mahurumaori.com\/mao\/wp-json\/wp\/v2\/types\/page"}],"author":[{"embeddable":true,"href":"https:\/\/www.mahurumaori.com\/mao\/wp-json\/wp\/v2\/users\/6"}],"replies":[{"embeddable":true,"href":"https:\/\/www.mahurumaori.com\/mao\/wp-json\/wp\/v2\/comments?post=806"}],"version-history":[{"count":130,"href":"https:\/\/www.mahurumaori.com\/mao\/wp-json\/wp\/v2\/pages\/806\/revisions"}],"predecessor-version":[{"id":4484,"href":"https:\/\/www.mahurumaori.com\/mao\/wp-json\/wp\/v2\/pages\/806\/revisions\/4484"}],"wp:featuredmedia":[{"embeddable":true,"href":"https:\/\/www.mahurumaori.com\/mao\/wp-json\/wp\/v2\/media\/2170"}],"wp:attachment":[{"href":"https:\/\/www.mahurumaori.com\/mao\/wp-json\/wp\/v2\/media?parent=806"}],"curies":[{"name":"wp","href":"https:\/\/api.w.org\/{rel}","templated":true}]}}